{"id":13659,"date":"2023-10-06T15:28:52","date_gmt":"2023-10-06T04:28:52","guid":{"rendered":"https:\/\/sinosmart.com.au\/disclaimer\/"},"modified":"2024-02-06T11:13:01","modified_gmt":"2024-02-06T00:13:01","slug":"disclaimer","status":"publish","type":"page","link":"https:\/\/sinosmart.com.au\/vi\/disclaimer\/","title":{"rendered":"Tuy\u00ean b\u1ed1 t\u1eeb ch\u1ed1i tr\u00e1ch nhi\u1ec7m"},"content":{"rendered":"\t\t<div data-elementor-type=\"wp-page\" data-elementor-id=\"13659\" class=\"elementor elementor-13659 elementor-11065\" data-elementor-post-type=\"page\">\n\t\t\t\t\t\t<section class=\"elementor-section elementor-top-section elementor-element elementor-element-df3fc90 elementor-section-boxed elementor-section-height-default elementor-section-height-default\" data-id=\"df3fc90\" data-element_type=\"section\" data-e-type=\"section\">\n\t\t\t\t\t\t<div class=\"elementor-container elementor-column-gap-default\">\n\t\t\t\t\t<div class=\"elementor-column elementor-col-100 elementor-top-column elementor-element elementor-element-e8fc27a\" data-id=\"e8fc27a\" data-element_type=\"column\" data-e-type=\"column\">\n\t\t\t<div class=\"elementor-widget-wrap\">\n\t\t\t\t\t\t\t<\/div>\n\t\t<\/div>\n\t\t\t\t\t<\/div>\n\t\t<\/section>\n\t\t\t\t<section class=\"elementor-section elementor-top-section elementor-element elementor-element-0d95878 elementor-section-boxed elementor-section-height-default elementor-section-height-default\" data-id=\"0d95878\" data-element_type=\"section\" data-e-type=\"section\">\n\t\t\t\t\t\t<div class=\"elementor-container elementor-column-gap-default\">\n\t\t\t\t\t<div class=\"elementor-column elementor-col-100 elementor-top-column elementor-element elementor-element-db6021e\" data-id=\"db6021e\" data-element_type=\"column\" data-e-type=\"column\">\n\t\t\t<div class=\"elementor-widget-wrap elementor-element-populated\">\n\t\t\t\t\t\t<div class=\"elementor-element elementor-element-2cb9a33 elementor-widget elementor-widget-heading\" data-id=\"2cb9a33\" data-element_type=\"widget\" data-e-type=\"widget\" data-widget_type=\"heading.default\">\n\t\t\t\t<div class=\"elementor-widget-container\">\n\t\t\t\t\t<h2 class=\"elementor-heading-title elementor-size-default\">Tuy\u00ean b\u1ed1 mi\u1ec5n tr\u1eeb tr\u00e1ch nhi\u1ec7m<\/h2>\t\t\t\t<\/div>\n\t\t\t\t<\/div>\n\t\t\t\t<div class=\"elementor-element elementor-element-b1f6330 elementor-widget elementor-widget-text-editor\" data-id=\"b1f6330\" data-element_type=\"widget\" data-e-type=\"widget\" data-widget_type=\"text-editor.default\">\n\t\t\t\t<div class=\"elementor-widget-container\">\n\t\t\t\t\t\t\t\t\t<p>Th\u00f4ng tin c\u00f3 tr\u00ean trang web n\u00e0y v\u00e0 b\u1ea5t k\u1ef3 th\u00f4ng tin b\u1eb1ng l\u1eddi n\u00f3i ho\u1eb7c v\u0103n b\u1ea3n n\u00e0o kh\u00e1c \u0111\u01b0\u1ee3c cung c\u1ea5p li\u00ean quan \u0111\u1ebfn doanh nghi\u1ec7p (\u201cTh\u00f4ng tin\u201d) \u0111\u01b0\u1ee3c cung c\u1ea5p theo c\u00e1c \u0111i\u1ec1u ki\u1ec7n sau:<\/p>\n<ol>\n<li>C\u00f4ng ty TNHH M\u00f4i gi\u1edbi Kinh doanh Sinosmart[ABN 37 169 963 080] v\u00e0 ho\u1eb7c b\u1ea5t k\u1ef3 c\u00e1n b\u1ed9, nh\u00e2n vi\u00ean ho\u1eb7c nh\u00e0 t\u01b0 v\u1ea5n n\u00e0o c\u1ee7a n\u00f3 (\u201cch\u00fang t\u00f4i\u201d) kh\u00f4ng \u0111\u01b0a ra tuy\u00ean b\u1ed1, b\u1ea3o \u0111\u1ea3m hay \u0111\u1ea3m b\u1ea3o r\u1eb1ng Th\u00f4ng tin, d\u00f9 b\u1eb1ng v\u0103n b\u1ea3n hay kh\u00f4ng, l\u00e0 \u0111\u1ea7y \u0111\u1ee7, ch\u00ednh x\u00e1c ho\u1eb7c c\u00e2n b\u1eb1ng. M\u1ed9t s\u1ed1 th\u00f4ng tin \u0111\u01b0\u1ee3c l\u1ea5y t\u1eeb b\u00ean th\u1ee9 ba v\u00e0 ch\u01b0a \u0111\u01b0\u1ee3c x\u00e1c minh \u0111\u1ed9c l\u1eadp. Theo \u0111\u00f3, kh\u00f4ng c\u00f3 s\u1ef1 b\u1ea3o \u0111\u1ea3m, \u0111\u1ea1i di\u1ec7n hay cam k\u1ebft n\u00e0o, d\u00f9 r\u00f5 r\u00e0ng hay ng\u1ee5 \u00fd, v\u00e0 ch\u00fang t\u00f4i kh\u00f4ng ch\u1ecbu tr\u00e1ch nhi\u1ec7m v\u1ec1 t\u00ednh ch\u00ednh x\u00e1c c\u1ee7a b\u1ea5t k\u1ef3 ph\u1ea7n n\u00e0o trong th\u00f4ng tin n\u00e0y ho\u1eb7c b\u1ea5t k\u1ef3 th\u00f4ng tin n\u00e0o kh\u00e1c \u0111\u01b0\u1ee3c cung c\u1ea5p b\u1edfi ho\u1eb7c thay m\u1eb7t ch\u00fang t\u00f4i, d\u00f9 b\u1eb1ng mi\u1ec7ng hay b\u1eb1ng v\u0103n b\u1ea3n.<\/li>\n<li>T\u1ea5t c\u1ea3 c\u00e1c h\u00ecnh \u1ea3nh tr\u1ef1c quan (bao g\u1ed3m nh\u01b0ng kh\u00f4ng gi\u1edbi h\u1ea1n \u1edf k\u1ebf ho\u1ea1ch, h\u00ecnh \u1ea3nh, th\u00f4ng s\u1ed1 k\u1ef9 thu\u1eadt, \u1ea5n t\u01b0\u1ee3ng c\u1ee7a ngh\u1ec7 s\u0129) ch\u1ec9 mang t\u00ednh bi\u1ec3u th\u1ecb v\u00e0 c\u00f3 th\u1ec3 thay \u0111\u1ed5i. B\u1ea5t k\u1ef3 ph\u00e9p \u0111o n\u00e0o \u0111\u01b0\u1ee3c ghi ch\u00fa \u0111\u1ec1u mang t\u00ednh bi\u1ec3u th\u1ecb v\u00e0 kh\u00f4ng theo t\u1ef7 l\u1ec7. T\u1ea5t c\u1ea3 c\u00e1c \u0111\u01b0\u1eddng n\u00e9t tr\u00ean \u1ea3nh ch\u1ec9 mang t\u00ednh bi\u1ec3u th\u1ecb.<\/li>\n<li>Th\u00f4ng tin kh\u00f4ng c\u1ea5u th\u00e0nh v\u00e0 kh\u00f4ng \u0111\u01b0\u1ee3c coi l\u00e0 khuy\u1ebfn ngh\u1ecb li\u00ean quan \u0111\u1ebfn vi\u1ec7c mua t\u00e0i s\u1ea3n ho\u1eb7c ch\u00e0o m\u1eddi ho\u1eb7c \u0111\u1ec1 ngh\u1ecb b\u00e1n t\u00e0i s\u1ea3n ho\u1eb7c h\u1ee3p \u0111\u1ed3ng mua b\u00e1n t\u00e0i s\u1ea3n.<\/li>\n<li>B\u1ea1n n\u00ean t\u1ef1 h\u00e0i l\u00f2ng v\u1ec1 t\u00ednh ch\u00ednh x\u00e1c v\u00e0 \u0111\u1ea7y \u0111\u1ee7 c\u1ee7a Th\u00f4ng tin th\u00f4ng qua c\u00e1c cu\u1ed9c ki\u1ec3m tra, kh\u1ea3o s\u00e1t, y\u00eau c\u1ea7u v\u00e0 t\u00ecm ki\u1ebfm c\u1ee7a ch\u00ednh b\u1ea1n b\u1edfi c\u00e1c nh\u00e0 t\u01b0 v\u1ea5n \u0111\u1ed9c l\u1eadp c\u1ee7a ri\u00eang b\u1ea1n v\u00e0 ch\u00fang t\u00f4i khuy\u00ean b\u1ea1n n\u00ean t\u00ecm ki\u1ebfm l\u1eddi khuy\u00ean \u0111\u1ed9c l\u1eadp v\u1ec1 ph\u00e1p l\u00fd, t\u00e0i ch\u00ednh v\u00e0 thu\u1ebf. \u0110i\u1ec1u n\u00e0y bao g\u1ed3m vi\u1ec7c li\u1ec7u gi\u00e1 ni\u00eam y\u1ebft c\u00f3 bao g\u1ed3m hay kh\u00f4ng bao g\u1ed3m GST hay kh\u00f4ng.<\/li>\n<li>Ch\u00fang t\u00f4i kh\u00f4ng ph\u1ea3i l\u00e0 ng\u01b0\u1eddi \u0111\u1ecbnh gi\u00e1 v\u00e0 kh\u00f4ng b\u00ecnh lu\u1eadn g\u00ec v\u1ec1 gi\u00e1 tr\u1ecb. K\u00fd hi\u1ec7u \u201cB\u00e1n\/cho thu\u00ea\u201d ch\u1ec9 th\u1ec3 hi\u1ec7n r\u1eb1ng h\u00e0ng t\u1ed3n kho \u201chi\u1ec7n kh\u00f4ng c\u00f3 s\u1eb5n\u201d &#8211; ch\u1ee9 kh\u00f4ng ph\u1ea3i t\u00e0i s\u1ea3n \u0111\u00e3 \u0111\u01b0\u1ee3c k\u00fd h\u1ee3p \u0111\u1ed3ng\/thanh to\u00e1n. N\u1ebfu b\u1ea1n y\u00eau c\u1ea7u \u0111\u1ecbnh gi\u00e1, ch\u00fang t\u00f4i khuy\u00ean b\u1ea1n n\u00ean l\u1ea5y l\u1eddi khuy\u00ean t\u1eeb m\u1ed9t chuy\u00ean gia \u0111\u1ecbnh gi\u00e1 \u0111\u00e3 \u0111\u0103ng k\u00fd.<\/li>\n<li>Th\u00f4ng tin kh\u00f4ng v\u00e0 s\u1ebd kh\u00f4ng t\u1ea1o th\u00e0nh m\u1ed9t ph\u1ea7n c\u1ee7a b\u1ea5t k\u1ef3 h\u1ee3p \u0111\u1ed3ng mua b\u00e1n t\u00e0i s\u1ea3n n\u00e0o. N\u1ebfu m\u1ed9t b\u00ean quan t\u00e2m \u0111\u01b0a ra l\u1eddi \u0111\u1ec1 ngh\u1ecb ho\u1eb7c k\u00fd h\u1ee3p \u0111\u1ed3ng v\u1ec1 t\u00e0i s\u1ea3n th\u00ec th\u00f4ng tin, tuy\u00ean b\u1ed1 v\u00e0 b\u1ea3o \u0111\u1ea3m duy nh\u1ea5t m\u00e0 b\u1ea1n c\u00f3 quy\u1ec1n d\u1ef1a v\u00e0o s\u1ebd \u0111\u01b0\u1ee3c quy \u0111\u1ecbnh r\u00f5 r\u00e0ng trong h\u1ee3p \u0111\u1ed3ng \u0111\u00f3.<\/li>\n<li>C\u00e1c b\u00ean quan t\u00e2m s\u1ebd ch\u1ecbu tr\u00e1ch nhi\u1ec7m t\u1ef1 tr\u1ea3 chi ph\u00ed tham gia v\u00e0o qu\u00e1 tr\u00ecnh b\u00e1n t\u00e0i s\u1ea3n. Ch\u00fang t\u00f4i s\u1ebd kh\u00f4ng ch\u1ecbu tr\u00e1ch nhi\u1ec7m b\u1ed3i th\u01b0\u1eddng cho b\u1ea5t k\u1ef3 ng\u01b0\u1eddi mua n\u00e0o c\u00f3 \u00fd \u0111\u1ecbnh mua b\u1ea5t k\u1ef3 chi ph\u00ed ho\u1eb7c ph\u00ed t\u1ed5n n\u00e0o ph\u00e1t sinh khi xem x\u00e9t, \u0111i\u1ec1u tra ho\u1eb7c ph\u00e2n t\u00edch b\u1ea5t k\u1ef3 Th\u00f4ng tin n\u00e0o.<\/li>\n<li>Ch\u00fang t\u00f4i s\u1ebd kh\u00f4ng ch\u1ecbu tr\u00e1ch nhi\u1ec7m ph\u00e1p l\u00fd v\u1edbi b\u1ea1n (trong ph\u1ea1m vi \u0111\u1ea7y \u0111\u1ee7 \u0111\u01b0\u1ee3c ph\u00e1p lu\u1eadt cho ph\u00e9p) v\u1ec1 b\u1ea5t k\u1ef3 tr\u00e1ch nhi\u1ec7m ph\u00e1p l\u00fd, chi ph\u00ed ho\u1eb7c ph\u00ed t\u1ed5n n\u00e0o ph\u00e1t sinh li\u00ean quan \u0111\u1ebfn Th\u00f4ng tin ho\u1eb7c vi\u1ec7c b\u00e1n t\u00e0i s\u1ea3n sau \u0111\u00f3, cho d\u00f9 t\u1ed5n th\u1ea5t ho\u1eb7c thi\u1ec7t h\u1ea1i ph\u00e1t sinh li\u00ean quan \u0111\u1ebfn b\u1ea5t k\u1ef3 s\u01a1 su\u1ea5t, vi ph\u1ea1m n\u00e0o ho\u1eb7c thi\u1ebfu s\u1ef1 quan t\u00e2m t\u1eeb ph\u00eda ch\u00fang t\u00f4i.<\/li>\n<li>Kh\u00f4ng ai \u0111\u01b0\u1ee3c ph\u00e9p cung c\u1ea5p th\u00f4ng tin ngo\u00e0i Th\u00f4ng tin trong B\u1ea3n ghi nh\u1edb Th\u00f4ng tin n\u00e0y ho\u1eb7c trong t\u1eadp t\u00e0i li\u1ec7u ho\u1eb7c t\u00e0i li\u1ec7u kh\u00e1c \u0111\u01b0\u1ee3c ch\u00fang t\u00f4i \u1ee7y quy\u1ec1n. B\u1ea5t k\u1ef3 tuy\u00ean b\u1ed1 ho\u1eb7c tuy\u00ean b\u1ed1 n\u00e0o c\u1ee7a vi\u00ean ch\u1ee9c, \u0111\u1ea1i l\u00fd, nh\u00e0 cung c\u1ea5p, kh\u00e1ch h\u00e0ng, ng\u01b0\u1eddi th\u00e2n ho\u1eb7c nh\u00e2n vi\u00ean c\u1ee7a nh\u00e0 cung c\u1ea5p s\u1ebd kh\u00f4ng r\u00e0ng bu\u1ed9c nh\u00e0 cung c\u1ea5p ho\u1eb7c ch\u00fang t\u00f4i.<\/li>\n<li>Trong ph\u1ea1m vi m\u00e0 b\u1ea5t k\u1ef3 \u0111o\u1ea1n n\u00e0o \u1edf tr\u00ean c\u00f3 th\u1ec3 \u0111\u01b0\u1ee3c hi\u1ec3u l\u00e0 tr\u00e1i v\u1edbi b\u1ea5t k\u1ef3 lu\u1eadt n\u00e0o c\u1ee7a Ti\u1ec3u bang ho\u1eb7c Li\u00ean bang, c\u00e1c \u0111o\u1ea1n \u0111\u00f3 ph\u1ea3i \u0111\u01b0\u1ee3c \u0111\u1ecdc xu\u1ed1ng, c\u1eaft b\u1ecf ho\u1eb7c c\u1ea3 hai t\u00f9y theo t\u1eebng tr\u01b0\u1eddng h\u1ee3p v\u00e0 c\u00e1c \u0111o\u1ea1n c\u00f2n l\u1ea1i s\u1ebd ti\u1ebfp t\u1ee5c c\u00f3 \u0111\u1ea7y \u0111\u1ee7 l\u1ef1c v\u00e0 t\u00e1c d\u1ee5ng.<\/li>\n<li>B\u1ea1n kh\u00f4ng \u0111\u01b0\u1ee3c th\u1ea3o lu\u1eadn v\u1ec1 Th\u00f4ng tin ho\u1eb7c \u0111\u1ec1 xu\u1ea5t b\u00e1n t\u00e0i s\u1ea3n v\u1edbi nh\u00e0 cung c\u1ea5p ho\u1eb7c v\u1edbi b\u1ea5t k\u1ef3 \u0111\u1ea1i l\u00fd, b\u1ea1n b\u00e8, c\u1ed9ng s\u1ef1 ho\u1eb7c h\u1ecd h\u00e0ng n\u00e0o c\u1ee7a nh\u00e0 cung c\u1ea5p ho\u1eb7c b\u1ea5t k\u1ef3 ng\u01b0\u1eddi n\u00e0o kh\u00e1c c\u00f3 li\u00ean h\u1ec7 v\u1edbi nh\u00e0 cung c\u1ea5p m\u00e0 kh\u00f4ng c\u00f3 s\u1ef1 \u0111\u1ed3ng \u00fd tr\u01b0\u1edbc b\u1eb1ng v\u0103n b\u1ea3n c\u1ee7a ch\u00fang t\u00f4i. Ch\u00fang t\u00f4i kh\u00f4ng ch\u1ecbu tr\u00e1ch nhi\u1ec7m ho\u1eb7c tr\u00e1ch nhi\u1ec7m ph\u00e1p l\u00fd \u0111\u1ed1i v\u1edbi b\u1ea5t k\u1ef3 b\u00ean n\u00e0o kh\u00e1c c\u00f3 th\u1ec3 s\u1eed d\u1ee5ng ho\u1eb7c d\u1ef1a v\u00e0o to\u00e0n b\u1ed9 ho\u1eb7c m\u1ed9t ph\u1ea7n n\u1ed9i dung c\u1ee7a b\u00e1o c\u00e1o n\u00e0y.<\/li>\n<li>Th\u00f4ng tin kh\u00f4ng \u0111\u01b0\u1ee3c ph\u00e9p sao ch\u00e9p, truy\u1ec1n \u0111i ho\u1eb7c cung c\u1ea5p cho b\u1ea5t k\u1ef3 ng\u01b0\u1eddi n\u00e0o kh\u00e1c m\u00e0 kh\u00f4ng c\u00f3 s\u1ef1 \u0111\u1ed3ng \u00fd tr\u01b0\u1edbc b\u1eb1ng v\u0103n b\u1ea3n c\u1ee7a ch\u00fang t\u00f4i.<\/li>\n<\/ol>\n\t\t\t\t\t\t\t\t<\/div>\n\t\t\t\t<\/div>\n\t\t\t\t\t<\/div>\n\t\t<\/div>\n\t\t\t\t\t<\/div>\n\t\t<\/section>\n\t\t\t\t<\/div>\n\t\t","protected":false},"excerpt":{"rendered":"<p>Tuy\u00ean b\u1ed1 mi\u1ec5n tr\u1eeb tr\u00e1ch nhi\u1ec7m Th\u00f4ng tin c\u00f3 tr\u00ean trang web n\u00e0y v\u00e0 b\u1ea5t k\u1ef3 th\u00f4ng tin b\u1eb1ng l\u1eddi n\u00f3i ho\u1eb7c v\u0103n b\u1ea3n n\u00e0o kh\u00e1c \u0111\u01b0\u1ee3c cung c\u1ea5p li\u00ean quan \u0111\u1ebfn doanh nghi\u1ec7p (\u201cTh\u00f4ng tin\u201d) \u0111\u01b0\u1ee3c cung c\u1ea5p theo c\u00e1c \u0111i\u1ec1u ki\u1ec7n sau: C\u00f4ng ty TNHH M\u00f4i gi\u1edbi Kinh doanh Sinosmart[ABN 37 169 963 [&hellip;]<\/p>\n","protected":false},"author":1,"featured_media":0,"parent":0,"menu_order":0,"comment_status":"closed","ping_status":"closed","template":"","meta":{"_acf_changed":false,"_monsterinsights_skip_tracking":false,"_monsterinsights_sitenote_active":false,"_monsterinsights_sitenote_note":"","_monsterinsights_sitenote_category":0,"footnotes":""},"class_list":["post-13659","page","type-page","status-publish","hentry"],"acf":[],"yoast_head":"<!-- This site is optimized with the Yoast SEO plugin v27.4 - https:\/\/yoast.com\/product\/yoast-seo-wordpress\/ -->\n<title>Tuy\u00ean b\u1ed1 t\u1eeb ch\u1ed1i tr\u00e1ch nhi\u1ec7m - Sinosmart<\/title>\n<meta name=\"robots\" content=\"index, follow, max-snippet:-1, max-image-preview:large, max-video-preview:-1\" \/>\n<link rel=\"canonical\" href=\"https:\/\/sinosmart.com.au\/vi\/disclaimer\/\" \/>\n<meta property=\"og:locale\" content=\"vi_VN\" \/>\n<meta property=\"og:type\" content=\"article\" \/>\n<meta property=\"og:title\" content=\"Tuy\u00ean b\u1ed1 t\u1eeb ch\u1ed1i tr\u00e1ch nhi\u1ec7m - Sinosmart\" \/>\n<meta property=\"og:description\" content=\"Tuy\u00ean b\u1ed1 mi\u1ec5n tr\u1eeb tr\u00e1ch nhi\u1ec7m Th\u00f4ng tin c\u00f3 tr\u00ean trang web n\u00e0y v\u00e0 b\u1ea5t k\u1ef3 th\u00f4ng tin b\u1eb1ng l\u1eddi n\u00f3i ho\u1eb7c v\u0103n b\u1ea3n n\u00e0o kh\u00e1c \u0111\u01b0\u1ee3c cung c\u1ea5p li\u00ean quan \u0111\u1ebfn doanh nghi\u1ec7p (\u201cTh\u00f4ng tin\u201d) \u0111\u01b0\u1ee3c cung c\u1ea5p theo c\u00e1c \u0111i\u1ec1u ki\u1ec7n sau: C\u00f4ng ty TNHH M\u00f4i gi\u1edbi Kinh doanh Sinosmart[ABN 37 169 963 [&hellip;]\" \/>\n<meta property=\"og:url\" content=\"https:\/\/sinosmart.com.au\/vi\/disclaimer\/\" \/>\n<meta property=\"og:site_name\" content=\"Sinosmart\" \/>\n<meta property=\"article:publisher\" content=\"https:\/\/www.facebook.com\/profile.php?id=100065532879578\" \/>\n<meta property=\"article:modified_time\" content=\"2024-02-06T00:13:01+00:00\" \/>\n<meta name=\"twitter:card\" content=\"summary_large_image\" \/>\n<meta name=\"twitter:label1\" content=\"Est. reading time\" \/>\n\t<meta name=\"twitter:data1\" content=\"3 minutes\" \/>\n<script type=\"application\/ld+json\" class=\"yoast-schema-graph\">{\"@context\":\"https:\\\/\\\/schema.org\",\"@graph\":[{\"@type\":\"WebPage\",\"@id\":\"https:\\\/\\\/sinosmart.com.au\\\/vi\\\/disclaimer\\\/\",\"url\":\"https:\\\/\\\/sinosmart.com.au\\\/vi\\\/disclaimer\\\/\",\"name\":\"Tuy\u00ean b\u1ed1 t\u1eeb ch\u1ed1i tr\u00e1ch nhi\u1ec7m - Sinosmart\",\"isPartOf\":{\"@id\":\"https:\\\/\\\/sinosmart.com.au\\\/zh-hans\\\/#website\"},\"datePublished\":\"2023-10-06T04:28:52+00:00\",\"dateModified\":\"2024-02-06T00:13:01+00:00\",\"breadcrumb\":{\"@id\":\"https:\\\/\\\/sinosmart.com.au\\\/vi\\\/disclaimer\\\/#breadcrumb\"},\"inLanguage\":\"vi-VN\",\"potentialAction\":[{\"@type\":\"ReadAction\",\"target\":[\"https:\\\/\\\/sinosmart.com.au\\\/vi\\\/disclaimer\\\/\"]}]},{\"@type\":\"BreadcrumbList\",\"@id\":\"https:\\\/\\\/sinosmart.com.au\\\/vi\\\/disclaimer\\\/#breadcrumb\",\"itemListElement\":[{\"@type\":\"ListItem\",\"position\":1,\"name\":\"Home\",\"item\":\"https:\\\/\\\/sinosmart.com.au\\\/zh-hans\\\/\"},{\"@type\":\"ListItem\",\"position\":2,\"name\":\"Tuy\u00ean b\u1ed1 t\u1eeb ch\u1ed1i tr\u00e1ch nhi\u1ec7m\"}]},{\"@type\":\"WebSite\",\"@id\":\"https:\\\/\\\/sinosmart.com.au\\\/zh-hans\\\/#website\",\"url\":\"https:\\\/\\\/sinosmart.com.au\\\/zh-hans\\\/\",\"name\":\"Sinosmart\",\"description\":\"\",\"publisher\":{\"@id\":\"https:\\\/\\\/sinosmart.com.au\\\/zh-hans\\\/#organization\"},\"potentialAction\":[{\"@type\":\"SearchAction\",\"target\":{\"@type\":\"EntryPoint\",\"urlTemplate\":\"https:\\\/\\\/sinosmart.com.au\\\/zh-hans\\\/?s={search_term_string}\"},\"query-input\":{\"@type\":\"PropertyValueSpecification\",\"valueRequired\":true,\"valueName\":\"search_term_string\"}}],\"inLanguage\":\"vi-VN\"},{\"@type\":\"Organization\",\"@id\":\"https:\\\/\\\/sinosmart.com.au\\\/zh-hans\\\/#organization\",\"name\":\"Sinosmart Business Brokering\",\"alternateName\":\"Sinosmart Business Brokering\",\"url\":\"https:\\\/\\\/sinosmart.com.au\\\/zh-hans\\\/\",\"logo\":{\"@type\":\"ImageObject\",\"inLanguage\":\"vi-VN\",\"@id\":\"https:\\\/\\\/sinosmart.com.au\\\/zh-hans\\\/#\\\/schema\\\/logo\\\/image\\\/\",\"url\":\"https:\\\/\\\/sinosmart.com.au\\\/wp-content\\\/uploads\\\/2023\\\/08\\\/cropped-logo-1.png\",\"contentUrl\":\"https:\\\/\\\/sinosmart.com.au\\\/wp-content\\\/uploads\\\/2023\\\/08\\\/cropped-logo-1.png\",\"width\":512,\"height\":512,\"caption\":\"Sinosmart Business Brokering\"},\"image\":{\"@id\":\"https:\\\/\\\/sinosmart.com.au\\\/zh-hans\\\/#\\\/schema\\\/logo\\\/image\\\/\"},\"sameAs\":[\"https:\\\/\\\/www.facebook.com\\\/profile.php?id=100065532879578\",\"https:\\\/\\\/www.linkedin.com\\\/company\\\/sinosmart-business-brokering\\\/\"]}]}<\/script>\n<!-- \/ Yoast SEO plugin. -->","yoast_head_json":{"title":"Tuy\u00ean b\u1ed1 t\u1eeb ch\u1ed1i tr\u00e1ch nhi\u1ec7m - Sinosmart","robots":{"index":"index","follow":"follow","max-snippet":"max-snippet:-1","max-image-preview":"max-image-preview:large","max-video-preview":"max-video-preview:-1"},"canonical":"https:\/\/sinosmart.com.au\/vi\/disclaimer\/","og_locale":"vi_VN","og_type":"article","og_title":"Tuy\u00ean b\u1ed1 t\u1eeb ch\u1ed1i tr\u00e1ch nhi\u1ec7m - Sinosmart","og_description":"Tuy\u00ean b\u1ed1 mi\u1ec5n tr\u1eeb tr\u00e1ch nhi\u1ec7m Th\u00f4ng tin c\u00f3 tr\u00ean trang web n\u00e0y v\u00e0 b\u1ea5t k\u1ef3 th\u00f4ng tin b\u1eb1ng l\u1eddi n\u00f3i ho\u1eb7c v\u0103n b\u1ea3n n\u00e0o kh\u00e1c \u0111\u01b0\u1ee3c cung c\u1ea5p li\u00ean quan \u0111\u1ebfn doanh nghi\u1ec7p (\u201cTh\u00f4ng tin\u201d) \u0111\u01b0\u1ee3c cung c\u1ea5p theo c\u00e1c \u0111i\u1ec1u ki\u1ec7n sau: C\u00f4ng ty TNHH M\u00f4i gi\u1edbi Kinh doanh Sinosmart[ABN 37 169 963 [&hellip;]","og_url":"https:\/\/sinosmart.com.au\/vi\/disclaimer\/","og_site_name":"Sinosmart","article_publisher":"https:\/\/www.facebook.com\/profile.php?id=100065532879578","article_modified_time":"2024-02-06T00:13:01+00:00","twitter_card":"summary_large_image","twitter_misc":{"Est. reading time":"3 minutes"},"schema":{"@context":"https:\/\/schema.org","@graph":[{"@type":"WebPage","@id":"https:\/\/sinosmart.com.au\/vi\/disclaimer\/","url":"https:\/\/sinosmart.com.au\/vi\/disclaimer\/","name":"Tuy\u00ean b\u1ed1 t\u1eeb ch\u1ed1i tr\u00e1ch nhi\u1ec7m - Sinosmart","isPartOf":{"@id":"https:\/\/sinosmart.com.au\/zh-hans\/#website"},"datePublished":"2023-10-06T04:28:52+00:00","dateModified":"2024-02-06T00:13:01+00:00","breadcrumb":{"@id":"https:\/\/sinosmart.com.au\/vi\/disclaimer\/#breadcrumb"},"inLanguage":"vi-VN","potentialAction":[{"@type":"ReadAction","target":["https:\/\/sinosmart.com.au\/vi\/disclaimer\/"]}]},{"@type":"BreadcrumbList","@id":"https:\/\/sinosmart.com.au\/vi\/disclaimer\/#breadcrumb","itemListElement":[{"@type":"ListItem","position":1,"name":"Home","item":"https:\/\/sinosmart.com.au\/zh-hans\/"},{"@type":"ListItem","position":2,"name":"Tuy\u00ean b\u1ed1 t\u1eeb ch\u1ed1i tr\u00e1ch nhi\u1ec7m"}]},{"@type":"WebSite","@id":"https:\/\/sinosmart.com.au\/zh-hans\/#website","url":"https:\/\/sinosmart.com.au\/zh-hans\/","name":"Sinosmart","description":"","publisher":{"@id":"https:\/\/sinosmart.com.au\/zh-hans\/#organization"},"potentialAction":[{"@type":"SearchAction","target":{"@type":"EntryPoint","urlTemplate":"https:\/\/sinosmart.com.au\/zh-hans\/?s={search_term_string}"},"query-input":{"@type":"PropertyValueSpecification","valueRequired":true,"valueName":"search_term_string"}}],"inLanguage":"vi-VN"},{"@type":"Organization","@id":"https:\/\/sinosmart.com.au\/zh-hans\/#organization","name":"Sinosmart Business Brokering","alternateName":"Sinosmart Business Brokering","url":"https:\/\/sinosmart.com.au\/zh-hans\/","logo":{"@type":"ImageObject","inLanguage":"vi-VN","@id":"https:\/\/sinosmart.com.au\/zh-hans\/#\/schema\/logo\/image\/","url":"https:\/\/sinosmart.com.au\/wp-content\/uploads\/2023\/08\/cropped-logo-1.png","contentUrl":"https:\/\/sinosmart.com.au\/wp-content\/uploads\/2023\/08\/cropped-logo-1.png","width":512,"height":512,"caption":"Sinosmart Business Brokering"},"image":{"@id":"https:\/\/sinosmart.com.au\/zh-hans\/#\/schema\/logo\/image\/"},"sameAs":["https:\/\/www.facebook.com\/profile.php?id=100065532879578","https:\/\/www.linkedin.com\/company\/sinosmart-business-brokering\/"]}]}},"_links":{"self":[{"href":"https:\/\/sinosmart.com.au\/vi\/wp-json\/wp\/v2\/pages\/13659","targetHints":{"allow":["GET"]}}],"collection":[{"href":"https:\/\/sinosmart.com.au\/vi\/wp-json\/wp\/v2\/pages"}],"about":[{"href":"https:\/\/sinosmart.com.au\/vi\/wp-json\/wp\/v2\/types\/page"}],"author":[{"embeddable":true,"href":"https:\/\/sinosmart.com.au\/vi\/wp-json\/wp\/v2\/users\/1"}],"replies":[{"embeddable":true,"href":"https:\/\/sinosmart.com.au\/vi\/wp-json\/wp\/v2\/comments?post=13659"}],"version-history":[{"count":5,"href":"https:\/\/sinosmart.com.au\/vi\/wp-json\/wp\/v2\/pages\/13659\/revisions"}],"predecessor-version":[{"id":13682,"href":"https:\/\/sinosmart.com.au\/vi\/wp-json\/wp\/v2\/pages\/13659\/revisions\/13682"}],"wp:attachment":[{"href":"https:\/\/sinosmart.com.au\/vi\/wp-json\/wp\/v2\/media?parent=13659"}],"curies":[{"name":"wp","href":"https:\/\/api.w.org\/{rel}","templated":true}]}}