{"id":13672,"date":"2023-08-25T07:21:33","date_gmt":"2023-08-24T20:21:33","guid":{"rendered":"https:\/\/sinosmart.com.au\/chinh-sach-thuc-te\/"},"modified":"2024-02-06T11:13:01","modified_gmt":"2024-02-06T00:13:01","slug":"chinh-sach-thuc-te","status":"publish","type":"page","link":"https:\/\/sinosmart.com.au\/vi\/chinh-sach-thuc-te\/","title":{"rendered":"Ch\u00ednh s\u00e1ch th\u1ef1c t\u1ebf"},"content":{"rendered":"\t\t<div data-elementor-type=\"wp-page\" data-elementor-id=\"13672\" class=\"elementor elementor-13672 elementor-8668\" data-elementor-post-type=\"page\">\n\t\t\t\t\t\t<section class=\"elementor-section elementor-top-section elementor-element elementor-element-df3fc90 elementor-section-boxed elementor-section-height-default elementor-section-height-default\" data-id=\"df3fc90\" data-element_type=\"section\" data-e-type=\"section\">\n\t\t\t\t\t\t<div class=\"elementor-container elementor-column-gap-default\">\n\t\t\t\t\t<div class=\"elementor-column elementor-col-100 elementor-top-column elementor-element elementor-element-e8fc27a\" data-id=\"e8fc27a\" data-element_type=\"column\" data-e-type=\"column\">\n\t\t\t<div class=\"elementor-widget-wrap\">\n\t\t\t\t\t\t\t<\/div>\n\t\t<\/div>\n\t\t\t\t\t<\/div>\n\t\t<\/section>\n\t\t\t\t<section class=\"elementor-section elementor-top-section elementor-element elementor-element-0d95878 elementor-section-boxed elementor-section-height-default elementor-section-height-default\" data-id=\"0d95878\" data-element_type=\"section\" data-e-type=\"section\">\n\t\t\t\t\t\t<div class=\"elementor-container elementor-column-gap-default\">\n\t\t\t\t\t<div class=\"elementor-column elementor-col-100 elementor-top-column elementor-element elementor-element-db6021e\" data-id=\"db6021e\" data-element_type=\"column\" data-e-type=\"column\">\n\t\t\t<div class=\"elementor-widget-wrap elementor-element-populated\">\n\t\t\t\t\t\t<div class=\"elementor-element elementor-element-2cb9a33 elementor-widget elementor-widget-heading\" data-id=\"2cb9a33\" data-element_type=\"widget\" data-e-type=\"widget\" data-widget_type=\"heading.default\">\n\t\t\t\t<div class=\"elementor-widget-container\">\n\t\t\t\t\t<h2 class=\"elementor-heading-title elementor-size-default\">Ch\u00ednh s\u00e1ch b\u1ea3o m\u1eadt<\/h2>\t\t\t\t<\/div>\n\t\t\t\t<\/div>\n\t\t\t\t<div class=\"elementor-element elementor-element-b1f6330 elementor-widget elementor-widget-text-editor\" data-id=\"b1f6330\" data-element_type=\"widget\" data-e-type=\"widget\" data-widget_type=\"text-editor.default\">\n\t\t\t\t<div class=\"elementor-widget-container\">\n\t\t\t\t\t\t\t\t\t<p>Ch\u00ednh s\u00e1ch quy\u1ec1n ri\u00eang t\u01b0 n\u00e0y \u0111i\u1ec1u ch\u1ec9nh c\u00e1ch th\u1ee9c m\u00e0 Sinosmart Business thu th\u1eadp, s\u1eed d\u1ee5ng, duy tr\u00ec v\u00e0 ti\u1ebft l\u1ed9 th\u00f4ng tin \u0111\u01b0\u1ee3c thu th\u1eadp t\u1eeb ng\u01b0\u1eddi d\u00f9ng (m\u1ed7i ng\u01b0\u1eddi \u0111\u01b0\u1ee3c g\u1ecdi l\u00e0 \u201cNg\u01b0\u1eddi d\u00f9ng\u201d) c\u1ee7a trang web https:\/\/sinosmart.com.au\/ (\u201cTrang web\u201d). Ch\u00ednh s\u00e1ch quy\u1ec1n ri\u00eang t\u01b0 n\u00e0y \u00e1p d\u1ee5ng cho Trang web c\u0169ng nh\u01b0 t\u1ea5t c\u1ea3 c\u00e1c s\u1ea3n ph\u1ea9m v\u00e0 d\u1ecbch v\u1ee5 do Sinosmart business Pty Ltd cung c\u1ea5p.<\/p>\n<h3>Th\u00f4ng tin nh\u1eadn d\u1ea1ng c\u00e1 nh\u00e2n<\/h3>\n<p>Ch\u00fang t\u00f4i c\u00f3 th\u1ec3 thu th\u1eadp th\u00f4ng tin nh\u1eadn d\u1ea1ng c\u00e1 nh\u00e2n t\u1eeb Ng\u01b0\u1eddi d\u00f9ng theo nhi\u1ec1u c\u00e1ch kh\u00e1c nhau, bao g\u1ed3m nh\u01b0ng kh\u00f4ng gi\u1edbi h\u1ea1n khi Ng\u01b0\u1eddi d\u00f9ng truy c\u1eadp trang web c\u1ee7a ch\u00fang t\u00f4i, \u0111\u0103ng k\u00fd tr\u00ean trang web, \u0111\u0103ng k\u00fd nh\u1eadn b\u1ea3n tin, \u0111i\u1ec1n v\u00e0o bi\u1ec3u m\u1eabu v\u00e0 li\u00ean quan \u0111\u1ebfn c\u00e1c ho\u1ea1t \u0111\u1ed9ng, d\u1ecbch v\u1ee5 kh\u00e1c , t\u00ednh n\u0103ng ho\u1eb7c t\u00e0i nguy\u00ean m\u00e0 ch\u00fang t\u00f4i cung c\u1ea5p tr\u00ean Trang web c\u1ee7a m\u00ecnh. Ng\u01b0\u1eddi d\u00f9ng c\u00f3 th\u1ec3 \u0111\u01b0\u1ee3c y\u00eau c\u1ea7u, n\u1ebfu th\u00edch h\u1ee3p, t\u00ean, \u0111\u1ecba ch\u1ec9 email, \u0111\u1ecba ch\u1ec9 g\u1eedi th\u01b0, s\u1ed1 \u0111i\u1ec7n tho\u1ea1i. Tuy nhi\u00ean, ng\u01b0\u1eddi d\u00f9ng c\u00f3 th\u1ec3 truy c\u1eadp trang web c\u1ee7a ch\u00fang t\u00f4i m\u1ed9t c\u00e1ch \u1ea9n danh. Ch\u00fang t\u00f4i s\u1ebd ch\u1ec9 thu th\u1eadp th\u00f4ng tin nh\u1eadn d\u1ea1ng c\u00e1 nh\u00e2n t\u1eeb Ng\u01b0\u1eddi d\u00f9ng n\u1ebfu h\u1ecd t\u1ef1 nguy\u1ec7n g\u1eedi th\u00f4ng tin \u0111\u00f3 cho ch\u00fang t\u00f4i. Ng\u01b0\u1eddi d\u00f9ng lu\u00f4n c\u00f3 th\u1ec3 t\u1eeb ch\u1ed1i cung c\u1ea5p th\u00f4ng tin nh\u1eadn d\u1ea1ng c\u00e1 nh\u00e2n, ngo\u1ea1i tr\u1eeb vi\u1ec7c \u0111i\u1ec1u \u0111\u00f3 c\u00f3 th\u1ec3 ng\u0103n h\u1ecd tham gia v\u00e0o m\u1ed9t s\u1ed1 ho\u1ea1t \u0111\u1ed9ng li\u00ean quan \u0111\u1ebfn Trang web.<\/p>\n<h3>Th\u00f4ng tin nh\u1eadn d\u1ea1ng phi c\u00e1 nh\u00e2n<\/h3>\n<p>Ch\u00fang t\u00f4i c\u00f3 th\u1ec3 thu th\u1eadp th\u00f4ng tin nh\u1eadn d\u1ea1ng phi c\u00e1 nh\u00e2n v\u1ec1 Ng\u01b0\u1eddi d\u00f9ng b\u1ea5t c\u1ee9 khi n\u00e0o h\u1ecd t\u01b0\u01a1ng t\u00e1c v\u1edbi Trang web c\u1ee7a ch\u00fang t\u00f4i. Th\u00f4ng tin nh\u1eadn d\u1ea1ng phi c\u00e1 nh\u00e2n c\u00f3 th\u1ec3 bao g\u1ed3m t\u00ean tr\u00ecnh duy\u1ec7t, lo\u1ea1i m\u00e1y t\u00ednh v\u00e0 th\u00f4ng tin k\u1ef9 thu\u1eadt v\u1ec1 ph\u01b0\u01a1ng ti\u1ec7n Ng\u01b0\u1eddi d\u00f9ng k\u1ebft n\u1ed1i v\u1edbi Trang web c\u1ee7a ch\u00fang t\u00f4i, ch\u1eb3ng h\u1ea1n nh\u01b0 h\u1ec7 \u0111i\u1ec1u h\u00e0nh v\u00e0 nh\u00e0 cung c\u1ea5p d\u1ecbch v\u1ee5 Internet \u0111\u01b0\u1ee3c s\u1eed d\u1ee5ng v\u00e0 c\u00e1c th\u00f4ng tin t\u01b0\u01a1ng t\u1ef1 kh\u00e1c.<\/p>\n<h3>Cookie tr\u00ecnh duy\u1ec7t web<\/h3>\n<p>Trang web c\u1ee7a ch\u00fang t\u00f4i c\u00f3 th\u1ec3 s\u1eed d\u1ee5ng \u201ccookie\u201d \u0111\u1ec3 n\u00e2ng cao tr\u1ea3i nghi\u1ec7m c\u1ee7a Ng\u01b0\u1eddi d\u00f9ng. Tr\u00ecnh duy\u1ec7t web c\u1ee7a ng\u01b0\u1eddi d\u00f9ng \u0111\u1eb7t cookie tr\u00ean \u1ed5 c\u1ee9ng c\u1ee7a h\u1ecd nh\u1eb1m m\u1ee5c \u0111\u00edch l\u01b0u gi\u1eef h\u1ed3 s\u01a1 v\u00e0 \u0111\u00f4i khi \u0111\u1ec3 theo d\u00f5i th\u00f4ng tin v\u1ec1 ch\u00fang. Ng\u01b0\u1eddi d\u00f9ng c\u00f3 th\u1ec3 ch\u1ecdn \u0111\u1eb7t tr\u00ecnh duy\u1ec7t web c\u1ee7a h\u1ecd t\u1eeb ch\u1ed1i cookie ho\u1eb7c th\u00f4ng b\u00e1o cho b\u1ea1n khi cookie \u0111\u01b0\u1ee3c g\u1eedi. N\u1ebfu h\u1ecd l\u00e0m nh\u01b0 v\u1eady, h\u00e3y l\u01b0u \u00fd r\u1eb1ng m\u1ed9t s\u1ed1 ph\u1ea7n c\u1ee7a Trang web c\u00f3 th\u1ec3 kh\u00f4ng ho\u1ea1t \u0111\u1ed9ng b\u00ecnh th\u01b0\u1eddng.<\/p>\n<h3>C\u00e1ch ch\u00fang t\u00f4i s\u1eed d\u1ee5ng th\u00f4ng tin \u0111\u01b0\u1ee3c thu th\u1eadp<\/h3>\n<p>Sinosmart Business thu th\u1eadp v\u00e0 s\u1eed d\u1ee5ng th\u00f4ng tin c\u00e1 nh\u00e2n c\u1ee7a Ng\u01b0\u1eddi d\u00f9ng cho c\u00e1c m\u1ee5c \u0111\u00edch sau:<\/p>\n<ul>\n<li>\u0110\u1ec3 c\u00e1 nh\u00e2n h\u00f3a tr\u1ea3i nghi\u1ec7m ng\u01b0\u1eddi d\u00f9ng\n<ul>\n<li>Ch\u00fang t\u00f4i c\u00f3 th\u1ec3 s\u1eed d\u1ee5ng th\u00f4ng tin t\u1ed5ng h\u1ee3p \u0111\u1ec3 hi\u1ec3u c\u00e1ch Ng\u01b0\u1eddi d\u00f9ng v\u1edbi t\u01b0 c\u00e1ch l\u00e0 nh\u00f3m s\u1eed d\u1ee5ng c\u00e1c d\u1ecbch v\u1ee5 v\u00e0 t\u00e0i nguy\u00ean \u0111\u01b0\u1ee3c cung c\u1ea5p tr\u00ean Trang web c\u1ee7a ch\u00fang t\u00f4i.<\/li>\n<\/ul>\n<\/li>\n<li>\u0110\u1ec3 c\u1ea3i thi\u1ec7n trang web c\u1ee7a ch\u00fang t\u00f4i\n<ul>\n<li>Ch\u00fang t\u00f4i li\u00ean t\u1ee5c c\u1ed1 g\u1eafng c\u1ea3i thi\u1ec7n c\u00e1c d\u1ecbch v\u1ee5 trang web c\u1ee7a m\u00ecnh d\u1ef1a tr\u00ean th\u00f4ng tin v\u00e0 ph\u1ea3n h\u1ed3i ch\u00fang t\u00f4i nh\u1eadn \u0111\u01b0\u1ee3c t\u1eeb b\u1ea1n.<\/li>\n<\/ul>\n<\/li>\n<li>\u0110\u1ec3 c\u1ea3i thi\u1ec7n d\u1ecbch v\u1ee5 kh\u00e1ch h\u00e0ng\n<ul>\n<li>Th\u00f4ng tin c\u1ee7a b\u1ea1n gi\u00fap ch\u00fang t\u00f4i \u0111\u00e1p \u1ee9ng hi\u1ec7u qu\u1ea3 h\u01a1n c\u00e1c y\u00eau c\u1ea7u d\u1ecbch v\u1ee5 kh\u00e1ch h\u00e0ng v\u00e0 nhu c\u1ea7u h\u1ed7 tr\u1ee3 c\u1ee7a b\u1ea1n.<\/li>\n<\/ul>\n<\/li>\n<li>\u0110\u1ec3 g\u1eedi email \u0111\u1ecbnh k\u1ef3\n<ul>\n<li>\u0110\u1ecba ch\u1ec9 email m\u00e0 Ng\u01b0\u1eddi d\u00f9ng cung c\u1ea5p s\u1ebd ch\u1ec9 \u0111\u01b0\u1ee3c s\u1eed d\u1ee5ng \u0111\u1ec3 tr\u1ea3 l\u1eddi c\u00e1c c\u00e2u h\u1ecfi c\u1ee7a h\u1ecd v\u00e0\/ho\u1eb7c c\u00e1c y\u00eau c\u1ea7u ho\u1eb7c c\u00e2u h\u1ecfi kh\u00e1c. N\u1ebfu Ng\u01b0\u1eddi d\u00f9ng quy\u1ebft \u0111\u1ecbnh ch\u1ecdn tham gia danh s\u00e1ch g\u1eedi th\u01b0 c\u1ee7a ch\u00fang t\u00f4i, h\u1ecd s\u1ebd nh\u1eadn \u0111\u01b0\u1ee3c email c\u00f3 th\u1ec3 bao g\u1ed3m tin t\u1ee9c, c\u1eadp nh\u1eadt c\u1ee7a c\u00f4ng ty, th\u00f4ng tin s\u1ea3n ph\u1ea9m ho\u1eb7c d\u1ecbch v\u1ee5 li\u00ean quan, v.v. N\u1ebfu b\u1ea5t k\u1ef3 l\u00fac n\u00e0o Ng\u01b0\u1eddi d\u00f9ng mu\u1ed1n h\u1ee7y \u0111\u0103ng k\u00fd nh\u1eadn email trong t\u01b0\u01a1ng lai th\u00ec Ng\u01b0\u1eddi d\u00f9ng c\u00f3 th\u1ec3 li\u00ean h\u1ec7 v\u1edbi ch\u00fang t\u00f4i qua Trang web c\u1ee7a ch\u00fang t\u00f4i.<\/li>\n<\/ul>\n<\/li>\n<\/ul>\n<h3>C\u00e1ch ch\u00fang t\u00f4i b\u1ea3o v\u1ec7 th\u00f4ng tin c\u1ee7a b\u1ea1n<\/h3>\n<p>Ch\u00fang t\u00f4i \u00e1p d\u1ee5ng c\u00e1c bi\u1ec7n ph\u00e1p thu th\u1eadp, l\u01b0u tr\u1eef v\u00e0 x\u1eed l\u00fd d\u1eef li\u1ec7u ph\u00f9 h\u1ee3p c\u0169ng nh\u01b0 c\u00e1c bi\u1ec7n ph\u00e1p b\u1ea3o m\u1eadt \u0111\u1ec3 b\u1ea3o v\u1ec7 ch\u1ed1ng truy c\u1eadp, thay \u0111\u1ed5i, ti\u1ebft l\u1ed9 ho\u1eb7c ph\u00e1 h\u1ee7y tr\u00e1i ph\u00e9p th\u00f4ng tin c\u00e1 nh\u00e2n, t\u00ean ng\u01b0\u1eddi d\u00f9ng, m\u1eadt kh\u1ea9u, th\u00f4ng tin giao d\u1ecbch v\u00e0 d\u1eef li\u1ec7u \u0111\u01b0\u1ee3c l\u01b0u tr\u1eef tr\u00ean Trang web c\u1ee7a ch\u00fang t\u00f4i.<\/p>\n<h3>Chia s\u1ebb th\u00f4ng tin c\u00e1 nh\u00e2n c\u1ee7a b\u1ea1n<\/h3>\n<p>Ch\u00fang t\u00f4i kh\u00f4ng b\u00e1n, trao \u0111\u1ed5i ho\u1eb7c cho thu\u00ea th\u00f4ng tin nh\u1eadn d\u1ea1ng c\u00e1 nh\u00e2n c\u1ee7a Ng\u01b0\u1eddi d\u00f9ng cho ng\u01b0\u1eddi kh\u00e1c. Ch\u00fang t\u00f4i c\u00f3 th\u1ec3 chia s\u1ebb th\u00f4ng tin nh\u00e2n kh\u1ea9u h\u1ecdc t\u1ed5ng h\u1ee3p chung kh\u00f4ng li\u00ean quan \u0111\u1ebfn b\u1ea5t k\u1ef3 th\u00f4ng tin nh\u1eadn d\u1ea1ng c\u00e1 nh\u00e2n n\u00e0o li\u00ean quan \u0111\u1ebfn kh\u00e1ch truy c\u1eadp v\u00e0 ng\u01b0\u1eddi d\u00f9ng v\u1edbi c\u00e1c \u0111\u1ed1i t\u00e1c kinh doanh, chi nh\u00e1nh v\u00e0 nh\u00e0 qu\u1ea3ng c\u00e1o \u0111\u00e1ng tin c\u1eady c\u1ee7a ch\u00fang t\u00f4i cho c\u00e1c m\u1ee5c \u0111\u00edch n\u00eau tr\u00ean.<\/p>\n<h3>Trang web c\u1ee7a b\u00ean th\u1ee9 ba<\/h3>\n<p>Ng\u01b0\u1eddi d\u00f9ng c\u00f3 th\u1ec3 t\u00ecm th\u1ea5y qu\u1ea3ng c\u00e1o ho\u1eb7c n\u1ed9i dung kh\u00e1c tr\u00ean Trang web c\u1ee7a ch\u00fang t\u00f4i li\u00ean k\u1ebft \u0111\u1ebfn c\u00e1c trang web v\u00e0 d\u1ecbch v\u1ee5 c\u1ee7a \u0111\u1ed1i t\u00e1c, nh\u00e0 cung c\u1ea5p, nh\u00e0 qu\u1ea3ng c\u00e1o, nh\u00e0 t\u00e0i tr\u1ee3, ng\u01b0\u1eddi c\u1ea5p ph\u00e9p v\u00e0 c\u00e1c b\u00ean th\u1ee9 ba kh\u00e1c c\u1ee7a ch\u00fang t\u00f4i. Ch\u00fang t\u00f4i kh\u00f4ng ki\u1ec3m so\u00e1t n\u1ed9i dung ho\u1eb7c li\u00ean k\u1ebft xu\u1ea5t hi\u1ec7n tr\u00ean c\u00e1c trang web n\u00e0y v\u00e0 kh\u00f4ng ch\u1ecbu tr\u00e1ch nhi\u1ec7m v\u1ec1 c\u00e1c ho\u1ea1t \u0111\u1ed9ng \u0111\u01b0\u1ee3c \u00e1p d\u1ee5ng b\u1edfi c\u00e1c trang web \u0111\u01b0\u1ee3c li\u00ean k\u1ebft \u0111\u1ebfn ho\u1eb7c t\u1eeb Trang web c\u1ee7a ch\u00fang t\u00f4i. Ngo\u00e0i ra, c\u00e1c trang web ho\u1eb7c d\u1ecbch v\u1ee5 n\u00e0y, bao g\u1ed3m c\u1ea3 n\u1ed9i dung v\u00e0 li\u00ean k\u1ebft c\u1ee7a ch\u00fang, c\u00f3 th\u1ec3 thay \u0111\u1ed5i li\u00ean t\u1ee5c. C\u00e1c trang web v\u00e0 d\u1ecbch v\u1ee5 n\u00e0y c\u00f3 th\u1ec3 c\u00f3 ch\u00ednh s\u00e1ch b\u1ea3o m\u1eadt v\u00e0 ch\u00ednh s\u00e1ch d\u1ecbch v\u1ee5 kh\u00e1ch h\u00e0ng ri\u00eang. Vi\u1ec7c duy\u1ec7t v\u00e0 t\u01b0\u01a1ng t\u00e1c tr\u00ean b\u1ea5t k\u1ef3 trang web n\u00e0o kh\u00e1c, bao g\u1ed3m c\u00e1c trang web c\u00f3 li\u00ean k\u1ebft \u0111\u1ebfn Trang web c\u1ee7a ch\u00fang t\u00f4i, \u0111\u1ec1u ph\u1ea3i tu\u00e2n theo c\u00e1c \u0111i\u1ec1u kho\u1ea3n v\u00e0 ch\u00ednh s\u00e1ch ri\u00eang c\u1ee7a trang web \u0111\u00f3.<\/p>\n<h3>Nh\u1eefng thay \u0111\u1ed5i \u0111\u1ed1i v\u1edbi ch\u00ednh s\u00e1ch quy\u1ec1n ri\u00eang t\u01b0 n\u00e0y<\/h3>\n<p>Sinosmart Business c\u00f3 to\u00e0n quy\u1ec1n c\u1eadp nh\u1eadt ch\u00ednh s\u00e1ch quy\u1ec1n ri\u00eang t\u01b0 n\u00e0y b\u1ea5t c\u1ee9 l\u00fac n\u00e0o. Khi th\u1ef1c hi\u1ec7n, ch\u00fang t\u00f4i s\u1ebd s\u1eeda l\u1ea1i ng\u00e0y c\u1eadp nh\u1eadt \u1edf cu\u1ed1i trang n\u00e0y. Ch\u00fang t\u00f4i khuy\u1ebfn kh\u00edch Ng\u01b0\u1eddi d\u00f9ng th\u01b0\u1eddng xuy\u00ean ki\u1ec3m tra trang n\u00e0y \u0111\u1ec3 bi\u1ebft m\u1ecdi thay \u0111\u1ed5i nh\u1eb1m \u0111\u01b0\u1ee3c th\u00f4ng b\u00e1o v\u1ec1 c\u00e1ch ch\u00fang t\u00f4i \u0111ang gi\u00fap b\u1ea3o v\u1ec7 th\u00f4ng tin c\u00e1 nh\u00e2n m\u00e0 ch\u00fang t\u00f4i thu th\u1eadp. B\u1ea1n th\u1eeba nh\u1eadn v\u00e0 \u0111\u1ed3ng \u00fd r\u1eb1ng b\u1ea1n c\u00f3 tr\u00e1ch nhi\u1ec7m xem l\u1ea1i ch\u00ednh s\u00e1ch quy\u1ec1n ri\u00eang t\u01b0 n\u00e0y \u0111\u1ecbnh k\u1ef3 v\u00e0 bi\u1ebft v\u1ec1 c\u00e1c s\u1eeda \u0111\u1ed5i.<\/p>\n<h3>S\u1ef1 ch\u1ea5p nh\u1eadn c\u1ee7a b\u1ea1n \u0111\u1ed1i v\u1edbi c\u00e1c \u0111i\u1ec1u kho\u1ea3n n\u00e0y<\/h3>\n<p>B\u1eb1ng c\u00e1ch s\u1eed d\u1ee5ng Trang web n\u00e0y, b\u1ea1n bi\u1ec3u th\u1ecb s\u1ef1 ch\u1ea5p nh\u1eadn c\u1ee7a b\u1ea1n \u0111\u1ed1i v\u1edbi ch\u00ednh s\u00e1ch n\u00e0y. N\u1ebfu b\u1ea1n kh\u00f4ng \u0111\u1ed3ng \u00fd v\u1edbi ch\u00ednh s\u00e1ch n\u00e0y, vui l\u00f2ng kh\u00f4ng s\u1eed d\u1ee5ng Trang web c\u1ee7a ch\u00fang t\u00f4i. Vi\u1ec7c b\u1ea1n ti\u1ebfp t\u1ee5c s\u1eed d\u1ee5ng Trang web sau khi \u0111\u0103ng c\u00e1c thay \u0111\u1ed5i \u0111\u1ed1i v\u1edbi ch\u00ednh s\u00e1ch n\u00e0y s\u1ebd \u0111\u01b0\u1ee3c coi l\u00e0 b\u1ea1n ch\u1ea5p nh\u1eadn nh\u1eefng thay \u0111\u1ed5i \u0111\u00f3.<\/p>\n\t\t\t\t\t\t\t\t<\/div>\n\t\t\t\t<\/div>\n\t\t\t\t\t<\/div>\n\t\t<\/div>\n\t\t\t\t\t<\/div>\n\t\t<\/section>\n\t\t\t\t<\/div>\n\t\t","protected":false},"excerpt":{"rendered":"<p>Ch\u00ednh s\u00e1ch b\u1ea3o m\u1eadt Ch\u00ednh s\u00e1ch quy\u1ec1n ri\u00eang t\u01b0 n\u00e0y \u0111i\u1ec1u ch\u1ec9nh c\u00e1ch th\u1ee9c m\u00e0 Sinosmart Business thu th\u1eadp, s\u1eed d\u1ee5ng, duy tr\u00ec v\u00e0 ti\u1ebft l\u1ed9 th\u00f4ng tin \u0111\u01b0\u1ee3c thu th\u1eadp t\u1eeb ng\u01b0\u1eddi d\u00f9ng (m\u1ed7i ng\u01b0\u1eddi \u0111\u01b0\u1ee3c g\u1ecdi l\u00e0 \u201cNg\u01b0\u1eddi d\u00f9ng\u201d) c\u1ee7a trang web https:\/\/sinosmart.com.au\/ (\u201cTrang web\u201d). Ch\u00ednh s\u00e1ch quy\u1ec1n ri\u00eang t\u01b0 n\u00e0y \u00e1p d\u1ee5ng [&hellip;]<\/p>\n","protected":false},"author":1,"featured_media":0,"parent":0,"menu_order":0,"comment_status":"closed","ping_status":"closed","template":"","meta":{"_acf_changed":false,"_monsterinsights_skip_tracking":false,"_monsterinsights_sitenote_active":false,"_monsterinsights_sitenote_note":"","_monsterinsights_sitenote_category":0,"footnotes":""},"class_list":["post-13672","page","type-page","status-publish","hentry"],"acf":[],"yoast_head":"<!-- This site is optimized with the Yoast SEO plugin v27.4 - https:\/\/yoast.com\/product\/yoast-seo-wordpress\/ -->\n<title>Ch\u00ednh s\u00e1ch th\u1ef1c t\u1ebf - Sinosmart<\/title>\n<meta name=\"robots\" content=\"index, follow, max-snippet:-1, max-image-preview:large, max-video-preview:-1\" \/>\n<link rel=\"canonical\" href=\"https:\/\/sinosmart.com.au\/vi\/chinh-sach-thuc-te\/\" \/>\n<meta property=\"og:locale\" content=\"vi_VN\" \/>\n<meta property=\"og:type\" content=\"article\" \/>\n<meta property=\"og:title\" content=\"Ch\u00ednh s\u00e1ch th\u1ef1c t\u1ebf - Sinosmart\" \/>\n<meta property=\"og:description\" content=\"Ch\u00ednh s\u00e1ch b\u1ea3o m\u1eadt Ch\u00ednh s\u00e1ch quy\u1ec1n ri\u00eang t\u01b0 n\u00e0y \u0111i\u1ec1u ch\u1ec9nh c\u00e1ch th\u1ee9c m\u00e0 Sinosmart Business thu th\u1eadp, s\u1eed d\u1ee5ng, duy tr\u00ec v\u00e0 ti\u1ebft l\u1ed9 th\u00f4ng tin \u0111\u01b0\u1ee3c thu th\u1eadp t\u1eeb ng\u01b0\u1eddi d\u00f9ng (m\u1ed7i ng\u01b0\u1eddi \u0111\u01b0\u1ee3c g\u1ecdi l\u00e0 \u201cNg\u01b0\u1eddi d\u00f9ng\u201d) c\u1ee7a trang web https:\/\/sinosmart.com.au\/ (\u201cTrang web\u201d). Ch\u00ednh s\u00e1ch quy\u1ec1n ri\u00eang t\u01b0 n\u00e0y \u00e1p d\u1ee5ng [&hellip;]\" \/>\n<meta property=\"og:url\" content=\"https:\/\/sinosmart.com.au\/vi\/chinh-sach-thuc-te\/\" \/>\n<meta property=\"og:site_name\" content=\"Sinosmart\" \/>\n<meta property=\"article:publisher\" content=\"https:\/\/www.facebook.com\/profile.php?id=100065532879578\" \/>\n<meta property=\"article:modified_time\" content=\"2024-02-06T00:13:01+00:00\" \/>\n<meta name=\"twitter:card\" content=\"summary_large_image\" \/>\n<meta name=\"twitter:label1\" content=\"Est. reading time\" \/>\n\t<meta name=\"twitter:data1\" content=\"10 minutes\" \/>\n<script type=\"application\/ld+json\" class=\"yoast-schema-graph\">{\"@context\":\"https:\\\/\\\/schema.org\",\"@graph\":[{\"@type\":\"WebPage\",\"@id\":\"https:\\\/\\\/sinosmart.com.au\\\/vi\\\/chinh-sach-thuc-te\\\/\",\"url\":\"https:\\\/\\\/sinosmart.com.au\\\/vi\\\/chinh-sach-thuc-te\\\/\",\"name\":\"Ch\u00ednh s\u00e1ch th\u1ef1c t\u1ebf - Sinosmart\",\"isPartOf\":{\"@id\":\"https:\\\/\\\/sinosmart.com.au\\\/zh-hans\\\/#website\"},\"datePublished\":\"2023-08-24T20:21:33+00:00\",\"dateModified\":\"2024-02-06T00:13:01+00:00\",\"breadcrumb\":{\"@id\":\"https:\\\/\\\/sinosmart.com.au\\\/vi\\\/chinh-sach-thuc-te\\\/#breadcrumb\"},\"inLanguage\":\"vi-VN\",\"potentialAction\":[{\"@type\":\"ReadAction\",\"target\":[\"https:\\\/\\\/sinosmart.com.au\\\/vi\\\/chinh-sach-thuc-te\\\/\"]}]},{\"@type\":\"BreadcrumbList\",\"@id\":\"https:\\\/\\\/sinosmart.com.au\\\/vi\\\/chinh-sach-thuc-te\\\/#breadcrumb\",\"itemListElement\":[{\"@type\":\"ListItem\",\"position\":1,\"name\":\"Home\",\"item\":\"https:\\\/\\\/sinosmart.com.au\\\/zh-hans\\\/\"},{\"@type\":\"ListItem\",\"position\":2,\"name\":\"Ch\u00ednh s\u00e1ch th\u1ef1c t\u1ebf\"}]},{\"@type\":\"WebSite\",\"@id\":\"https:\\\/\\\/sinosmart.com.au\\\/zh-hans\\\/#website\",\"url\":\"https:\\\/\\\/sinosmart.com.au\\\/zh-hans\\\/\",\"name\":\"Sinosmart\",\"description\":\"\",\"publisher\":{\"@id\":\"https:\\\/\\\/sinosmart.com.au\\\/zh-hans\\\/#organization\"},\"potentialAction\":[{\"@type\":\"SearchAction\",\"target\":{\"@type\":\"EntryPoint\",\"urlTemplate\":\"https:\\\/\\\/sinosmart.com.au\\\/zh-hans\\\/?s={search_term_string}\"},\"query-input\":{\"@type\":\"PropertyValueSpecification\",\"valueRequired\":true,\"valueName\":\"search_term_string\"}}],\"inLanguage\":\"vi-VN\"},{\"@type\":\"Organization\",\"@id\":\"https:\\\/\\\/sinosmart.com.au\\\/zh-hans\\\/#organization\",\"name\":\"Sinosmart Business Brokering\",\"alternateName\":\"Sinosmart Business Brokering\",\"url\":\"https:\\\/\\\/sinosmart.com.au\\\/zh-hans\\\/\",\"logo\":{\"@type\":\"ImageObject\",\"inLanguage\":\"vi-VN\",\"@id\":\"https:\\\/\\\/sinosmart.com.au\\\/zh-hans\\\/#\\\/schema\\\/logo\\\/image\\\/\",\"url\":\"https:\\\/\\\/sinosmart.com.au\\\/wp-content\\\/uploads\\\/2023\\\/08\\\/cropped-logo-1.png\",\"contentUrl\":\"https:\\\/\\\/sinosmart.com.au\\\/wp-content\\\/uploads\\\/2023\\\/08\\\/cropped-logo-1.png\",\"width\":512,\"height\":512,\"caption\":\"Sinosmart Business Brokering\"},\"image\":{\"@id\":\"https:\\\/\\\/sinosmart.com.au\\\/zh-hans\\\/#\\\/schema\\\/logo\\\/image\\\/\"},\"sameAs\":[\"https:\\\/\\\/www.facebook.com\\\/profile.php?id=100065532879578\",\"https:\\\/\\\/www.linkedin.com\\\/company\\\/sinosmart-business-brokering\\\/\"]}]}<\/script>\n<!-- \/ Yoast SEO plugin. -->","yoast_head_json":{"title":"Ch\u00ednh s\u00e1ch th\u1ef1c t\u1ebf - Sinosmart","robots":{"index":"index","follow":"follow","max-snippet":"max-snippet:-1","max-image-preview":"max-image-preview:large","max-video-preview":"max-video-preview:-1"},"canonical":"https:\/\/sinosmart.com.au\/vi\/chinh-sach-thuc-te\/","og_locale":"vi_VN","og_type":"article","og_title":"Ch\u00ednh s\u00e1ch th\u1ef1c t\u1ebf - Sinosmart","og_description":"Ch\u00ednh s\u00e1ch b\u1ea3o m\u1eadt Ch\u00ednh s\u00e1ch quy\u1ec1n ri\u00eang t\u01b0 n\u00e0y \u0111i\u1ec1u ch\u1ec9nh c\u00e1ch th\u1ee9c m\u00e0 Sinosmart Business thu th\u1eadp, s\u1eed d\u1ee5ng, duy tr\u00ec v\u00e0 ti\u1ebft l\u1ed9 th\u00f4ng tin \u0111\u01b0\u1ee3c thu th\u1eadp t\u1eeb ng\u01b0\u1eddi d\u00f9ng (m\u1ed7i ng\u01b0\u1eddi \u0111\u01b0\u1ee3c g\u1ecdi l\u00e0 \u201cNg\u01b0\u1eddi d\u00f9ng\u201d) c\u1ee7a trang web https:\/\/sinosmart.com.au\/ (\u201cTrang web\u201d). Ch\u00ednh s\u00e1ch quy\u1ec1n ri\u00eang t\u01b0 n\u00e0y \u00e1p d\u1ee5ng [&hellip;]","og_url":"https:\/\/sinosmart.com.au\/vi\/chinh-sach-thuc-te\/","og_site_name":"Sinosmart","article_publisher":"https:\/\/www.facebook.com\/profile.php?id=100065532879578","article_modified_time":"2024-02-06T00:13:01+00:00","twitter_card":"summary_large_image","twitter_misc":{"Est. reading time":"10 minutes"},"schema":{"@context":"https:\/\/schema.org","@graph":[{"@type":"WebPage","@id":"https:\/\/sinosmart.com.au\/vi\/chinh-sach-thuc-te\/","url":"https:\/\/sinosmart.com.au\/vi\/chinh-sach-thuc-te\/","name":"Ch\u00ednh s\u00e1ch th\u1ef1c t\u1ebf - Sinosmart","isPartOf":{"@id":"https:\/\/sinosmart.com.au\/zh-hans\/#website"},"datePublished":"2023-08-24T20:21:33+00:00","dateModified":"2024-02-06T00:13:01+00:00","breadcrumb":{"@id":"https:\/\/sinosmart.com.au\/vi\/chinh-sach-thuc-te\/#breadcrumb"},"inLanguage":"vi-VN","potentialAction":[{"@type":"ReadAction","target":["https:\/\/sinosmart.com.au\/vi\/chinh-sach-thuc-te\/"]}]},{"@type":"BreadcrumbList","@id":"https:\/\/sinosmart.com.au\/vi\/chinh-sach-thuc-te\/#breadcrumb","itemListElement":[{"@type":"ListItem","position":1,"name":"Home","item":"https:\/\/sinosmart.com.au\/zh-hans\/"},{"@type":"ListItem","position":2,"name":"Ch\u00ednh s\u00e1ch th\u1ef1c t\u1ebf"}]},{"@type":"WebSite","@id":"https:\/\/sinosmart.com.au\/zh-hans\/#website","url":"https:\/\/sinosmart.com.au\/zh-hans\/","name":"Sinosmart","description":"","publisher":{"@id":"https:\/\/sinosmart.com.au\/zh-hans\/#organization"},"potentialAction":[{"@type":"SearchAction","target":{"@type":"EntryPoint","urlTemplate":"https:\/\/sinosmart.com.au\/zh-hans\/?s={search_term_string}"},"query-input":{"@type":"PropertyValueSpecification","valueRequired":true,"valueName":"search_term_string"}}],"inLanguage":"vi-VN"},{"@type":"Organization","@id":"https:\/\/sinosmart.com.au\/zh-hans\/#organization","name":"Sinosmart Business Brokering","alternateName":"Sinosmart Business Brokering","url":"https:\/\/sinosmart.com.au\/zh-hans\/","logo":{"@type":"ImageObject","inLanguage":"vi-VN","@id":"https:\/\/sinosmart.com.au\/zh-hans\/#\/schema\/logo\/image\/","url":"https:\/\/sinosmart.com.au\/wp-content\/uploads\/2023\/08\/cropped-logo-1.png","contentUrl":"https:\/\/sinosmart.com.au\/wp-content\/uploads\/2023\/08\/cropped-logo-1.png","width":512,"height":512,"caption":"Sinosmart Business Brokering"},"image":{"@id":"https:\/\/sinosmart.com.au\/zh-hans\/#\/schema\/logo\/image\/"},"sameAs":["https:\/\/www.facebook.com\/profile.php?id=100065532879578","https:\/\/www.linkedin.com\/company\/sinosmart-business-brokering\/"]}]}},"_links":{"self":[{"href":"https:\/\/sinosmart.com.au\/vi\/wp-json\/wp\/v2\/pages\/13672","targetHints":{"allow":["GET"]}}],"collection":[{"href":"https:\/\/sinosmart.com.au\/vi\/wp-json\/wp\/v2\/pages"}],"about":[{"href":"https:\/\/sinosmart.com.au\/vi\/wp-json\/wp\/v2\/types\/page"}],"author":[{"embeddable":true,"href":"https:\/\/sinosmart.com.au\/vi\/wp-json\/wp\/v2\/users\/1"}],"replies":[{"embeddable":true,"href":"https:\/\/sinosmart.com.au\/vi\/wp-json\/wp\/v2\/comments?post=13672"}],"version-history":[{"count":3,"href":"https:\/\/sinosmart.com.au\/vi\/wp-json\/wp\/v2\/pages\/13672\/revisions"}],"predecessor-version":[{"id":13686,"href":"https:\/\/sinosmart.com.au\/vi\/wp-json\/wp\/v2\/pages\/13672\/revisions\/13686"}],"wp:attachment":[{"href":"https:\/\/sinosmart.com.au\/vi\/wp-json\/wp\/v2\/media?parent=13672"}],"curies":[{"name":"wp","href":"https:\/\/api.w.org\/{rel}","templated":true}]}}